{"id":84,"date":"2026-01-04T17:08:55","date_gmt":"2026-01-04T17:08:55","guid":{"rendered":"https:\/\/guitareadomicilesoa.fr\/?page_id=84"},"modified":"2026-01-04T17:09:09","modified_gmt":"2026-01-04T17:09:09","slug":"conditions-de-prestation-protection-mutuelle","status":"publish","type":"page","link":"https:\/\/guitareadomicilesoa.fr\/index.php\/conditions-de-prestation-protection-mutuelle\/","title":{"rendered":"\ud83c\udfb8 Conditions de prestation &amp; protection mutuelle"},"content":{"rendered":"\n<h3 class=\"wp-block-heading\">Nature des prestations<\/h3>\n\n\n\n<p>Les prestations propos\u00e9es sur ce site sont :<\/p>\n\n\n\n<ul class=\"wp-block-list\">\n<li>des <strong>cours de guitare classique<\/strong><\/li>\n\n\n\n<li>des <strong>cours de guitare avec accompagnement vocal (chant)<\/strong><\/li>\n<\/ul>\n\n\n\n<p>Les cours sont dispens\u00e9s <strong>\u00e0 domicile<\/strong>, selon les modalit\u00e9s convenues entre le professeur et l\u2019\u00e9l\u00e8ve.<\/p>\n\n\n\n<hr class=\"wp-block-separator has-alpha-channel-opacity\"\/>\n\n\n\n<h3 class=\"wp-block-heading\">Respect, s\u00e9curit\u00e9 et cadre des cours<\/h3>\n\n\n\n<p>Les cours de guitare sont fond\u00e9s sur un climat de <strong>respect, de bienveillance et de s\u00e9curit\u00e9 mutuelle<\/strong>.<\/p>\n\n\n\n<p>Tout comportement inappropri\u00e9, agressif, d\u00e9plac\u00e9 ou contraire au respect mutuel ne sera pas tol\u00e9r\u00e9.<\/p>\n\n\n\n<p>Le professeur se r\u00e9serve le droit :<\/p>\n\n\n\n<ul class=\"wp-block-list\">\n<li>d\u2019interrompre imm\u00e9diatement un cours<\/li>\n\n\n\n<li>de refuser toute poursuite de la collaboration<br>si un comportement est jug\u00e9 dangereux, agressif, insultant ou inadapt\u00e9, que ce soit de la part de l\u2019\u00e9l\u00e8ve ou d\u2019un tiers pr\u00e9sent au domicile.<\/li>\n<\/ul>\n\n\n\n<hr class=\"wp-block-separator has-alpha-channel-opacity\"\/>\n\n\n\n<h3 class=\"wp-block-heading\">Protection des \u00e9l\u00e8ves<\/h3>\n\n\n\n<p>Le professeur s\u2019engage \u00e0 :<\/p>\n\n\n\n<ul class=\"wp-block-list\">\n<li>respecter la vie priv\u00e9e et l\u2019intimit\u00e9 de l\u2019\u00e9l\u00e8ve<\/li>\n\n\n\n<li>adopter une attitude professionnelle, bienveillante et respectueuse<\/li>\n\n\n\n<li>dispenser les cours dans un cadre p\u00e9dagogique sain et s\u00e9curis\u00e9<\/li>\n<\/ul>\n\n\n\n<p>Aucun enregistrement audio ou vid\u00e9o ne sera effectu\u00e9 sans l\u2019accord explicite de l\u2019\u00e9l\u00e8ve (ou de son repr\u00e9sentant l\u00e9gal).<\/p>\n\n\n\n<hr class=\"wp-block-separator has-alpha-channel-opacity\"\/>\n\n\n\n<h3 class=\"wp-block-heading\">Responsabilit\u00e9<\/h3>\n\n\n\n<p>Le professeur ne saurait \u00eatre tenu responsable :<\/p>\n\n\n\n<ul class=\"wp-block-list\">\n<li>d\u2019un environnement domestique inadapt\u00e9<\/li>\n\n\n\n<li>d\u2019un mat\u00e9riel d\u00e9fectueux appartenant \u00e0 l\u2019\u00e9l\u00e8ve<\/li>\n\n\n\n<li>d\u2019un accident survenu en dehors du cadre direct de l\u2019enseignement musical<\/li>\n<\/ul>\n\n\n\n<hr class=\"wp-block-separator has-alpha-channel-opacity\"\/>\n\n\n\n<h3 class=\"wp-block-heading\">Droit de r\u00e9tractation \/ arr\u00eat de collaboration<\/h3>\n\n\n\n<p>Chaque partie se r\u00e9serve le droit de mettre fin \u00e0 la collaboration \u00e0 tout moment, dans le respect des engagements en cours, et dans un esprit de respect mutuel.<\/p>\n","protected":false},"excerpt":{"rendered":"<p>Nature des prestations Les prestations propos\u00e9es sur ce site sont : Les cours sont dispens\u00e9s \u00e0 domicile, selon les modalit\u00e9s convenues entre le professeur et l\u2019\u00e9l\u00e8ve. Respect, s\u00e9curit\u00e9 et cadre des cours Les cours de guitare sont fond\u00e9s sur un climat de respect, de bienveillance et de s\u00e9curit\u00e9 mutuelle. Tout comportement inappropri\u00e9, agressif, d\u00e9plac\u00e9 ou [&hellip;]<\/p>\n","protected":false},"author":1,"featured_media":0,"parent":0,"menu_order":0,"comment_status":"closed","ping_status":"closed","template":"","meta":{"footnotes":""},"class_list":["post-84","page","type-page","status-publish","hentry"],"_links":{"self":[{"href":"https:\/\/guitareadomicilesoa.fr\/index.php\/wp-json\/wp\/v2\/pages\/84","targetHints":{"allow":["GET"]}}],"collection":[{"href":"https:\/\/guitareadomicilesoa.fr\/index.php\/wp-json\/wp\/v2\/pages"}],"about":[{"href":"https:\/\/guitareadomicilesoa.fr\/index.php\/wp-json\/wp\/v2\/types\/page"}],"author":[{"embeddable":true,"href":"https:\/\/guitareadomicilesoa.fr\/index.php\/wp-json\/wp\/v2\/users\/1"}],"replies":[{"embeddable":true,"href":"https:\/\/guitareadomicilesoa.fr\/index.php\/wp-json\/wp\/v2\/comments?post=84"}],"version-history":[{"count":1,"href":"https:\/\/guitareadomicilesoa.fr\/index.php\/wp-json\/wp\/v2\/pages\/84\/revisions"}],"predecessor-version":[{"id":85,"href":"https:\/\/guitareadomicilesoa.fr\/index.php\/wp-json\/wp\/v2\/pages\/84\/revisions\/85"}],"wp:attachment":[{"href":"https:\/\/guitareadomicilesoa.fr\/index.php\/wp-json\/wp\/v2\/media?parent=84"}],"curies":[{"name":"wp","href":"https:\/\/api.w.org\/{rel}","templated":true}]}}